{"id":46,"date":"2025-07-04T08:41:12","date_gmt":"2025-07-04T08:41:12","guid":{"rendered":"https:\/\/evergreen.vamtam.com\/?page_id=46"},"modified":"2025-10-22T07:33:01","modified_gmt":"2025-10-22T07:33:01","slug":"%d1%81%d0%b2%d1%8f%d0%b7%d0%b0%d1%82%d1%8c%d1%81%d1%8f-%d1%81-%d0%bd%d0%b0%d0%bc%d0%b8","status":"publish","type":"page","link":"https:\/\/supergum.eu\/ru\/%d1%81%d0%b2%d1%8f%d0%b7%d0%b0%d1%82%d1%8c%d1%81%d1%8f-%d1%81-%d0%bd%d0%b0%d0%bc%d0%b8\/","title":{"rendered":"\u0421\u0432\u044f\u0436\u0438\u0442\u0435\u0441\u044c \u0441 \u043d\u0430\u043c\u0438"},"content":{"rendered":"<div data-elementor-type=\"wp-page\" data-elementor-id=\"46\" class=\"elementor elementor-46\" data-elementor-post-type=\"page\">\n\t\t\t\t<div class=\"elementor-element elementor-element-fc3d33e e-flex e-con-boxed e-con e-parent\" data-id=\"fc3d33e\" data-element_type=\"container\">\n\t\t\t\t\t<div class=\"e-con-inner\">\n\t\t<div class=\"elementor-element elementor-element-55ff4bf e-con-full animated-fast e-flex elementor-invisible e-con e-child\" data-id=\"55ff4bf\" data-element_type=\"container\" data-settings=\"{&quot;animation&quot;:&quot;slideInUp&quot;,&quot;animation_delay&quot;:100}\">\n\t\t\t\t<div class=\"elementor-element elementor-element-45362fe elementor-view-default elementor-widget elementor-widget-icon\" data-id=\"45362fe\" data-element_type=\"widget\" data-widget_type=\"icon.default\">\n\t\t\t\t<div class=\"elementor-widget-container\">\n\t\t\t\t\t\t\t<div class=\"elementor-icon-wrapper\">\n\t\t\t<div class=\"elementor-icon\">\n\t\t\t<i aria-hidden=\"true\" class=\"vamtamtheme- vamtam-theme-pin\"><\/i>\t\t\t<\/div>\n\t\t<\/div>\n\t\t\t\t\t\t<\/div>\n\t\t\t\t<\/div>\n\t\t<div class=\"elementor-element elementor-element-7fb1cea e-con-full e-flex e-con e-child\" data-id=\"7fb1cea\" data-element_type=\"container\">\n\t\t\t\t<div class=\"elementor-element elementor-element-6a09773 elementor-widget elementor-widget-heading\" data-id=\"6a09773\" data-element_type=\"widget\" data-widget_type=\"heading.default\">\n\t\t\t\t<div class=\"elementor-widget-container\">\n\t\t\t\t\t<div class=\"elementor-heading-title elementor-size-default\">\u0410\u0434\u0440\u0435\u0441<\/div>\t\t\t\t<\/div>\n\t\t\t\t<\/div>\n\t\t\t\t<div class=\"elementor-element elementor-element-2fe2007 elementor-widget elementor-widget-heading\" data-id=\"2fe2007\" data-element_type=\"widget\" data-widget_type=\"heading.default\">\n\t\t\t\t<div class=\"elementor-widget-container\">\n\t\t\t\t\t<div class=\"elementor-heading-title elementor-size-default\">\u015eenol G\u00fcne\u015f Bulvar\u0131 No:2 Mira Tower, \u0410\u0442\u0430\u0448\u0435\u0445\u0438\u0440 \/ \u0421\u0442\u0430\u043c\u0431\u0443\u043b<\/div>\t\t\t\t<\/div>\n\t\t\t\t<\/div>\n\t\t\t\t<\/div>\n\t\t\t\t<\/div>\n\t\t<div class=\"elementor-element elementor-element-5c379b4 e-con-full animated-fast e-flex elementor-invisible e-con e-child\" data-id=\"5c379b4\" data-element_type=\"container\" data-settings=\"{&quot;animation&quot;:&quot;slideInUp&quot;,&quot;animation_delay&quot;:150}\">\n\t\t\t\t<div class=\"elementor-element elementor-element-b366c0b elementor-view-default elementor-widget elementor-widget-icon\" data-id=\"b366c0b\" data-element_type=\"widget\" data-widget_type=\"icon.default\">\n\t\t\t\t<div class=\"elementor-widget-container\">\n\t\t\t\t\t\t\t<div class=\"elementor-icon-wrapper\">\n\t\t\t<div class=\"elementor-icon\">\n\t\t\t<i aria-hidden=\"true\" class=\"vamtamtheme- vamtam-theme-phone\"><\/i>\t\t\t<\/div>\n\t\t<\/div>\n\t\t\t\t\t\t<\/div>\n\t\t\t\t<\/div>\n\t\t<div class=\"elementor-element elementor-element-4219d75 e-con-full e-flex e-con e-child\" data-id=\"4219d75\" data-element_type=\"container\">\n\t\t\t\t<div class=\"elementor-element elementor-element-26a50ba elementor-widget elementor-widget-heading\" data-id=\"26a50ba\" data-element_type=\"widget\" data-widget_type=\"heading.default\">\n\t\t\t\t<div class=\"elementor-widget-container\">\n\t\t\t\t\t<div class=\"elementor-heading-title elementor-size-default\">\u041f\u043e\u0437\u0432\u043e\u043d\u0438\u0442\u0435 \u043d\u0430\u043c<\/div>\t\t\t\t<\/div>\n\t\t\t\t<\/div>\n\t\t\t\t<div class=\"elementor-element elementor-element-3798b8a elementor-widget elementor-widget-heading\" data-id=\"3798b8a\" data-element_type=\"widget\" data-widget_type=\"heading.default\">\n\t\t\t\t<div class=\"elementor-widget-container\">\n\t\t\t\t\t<div class=\"elementor-heading-title elementor-size-default\"><a href=\"tel:00902165945558\" target=\"_blank\">+90 216 594 55 58<\/a><\/div>\t\t\t\t<\/div>\n\t\t\t\t<\/div>\n\t\t\t\t<\/div>\n\t\t\t\t<\/div>\n\t\t<div class=\"elementor-element elementor-element-d470c78 e-con-full animated-fast e-flex elementor-invisible e-con e-child\" data-id=\"d470c78\" data-element_type=\"container\" data-settings=\"{&quot;animation&quot;:&quot;slideInUp&quot;,&quot;animation_delay&quot;:200}\">\n\t\t\t\t<div class=\"elementor-element elementor-element-1854354 elementor-view-default elementor-widget elementor-widget-icon\" data-id=\"1854354\" data-element_type=\"widget\" data-widget_type=\"icon.default\">\n\t\t\t\t<div class=\"elementor-widget-container\">\n\t\t\t\t\t\t\t<div class=\"elementor-icon-wrapper\">\n\t\t\t<div class=\"elementor-icon\">\n\t\t\t<i aria-hidden=\"true\" class=\"vamtamtheme- vamtam-theme-email\"><\/i>\t\t\t<\/div>\n\t\t<\/div>\n\t\t\t\t\t\t<\/div>\n\t\t\t\t<\/div>\n\t\t<div class=\"elementor-element elementor-element-aa3d7cc e-con-full e-flex e-con e-child\" data-id=\"aa3d7cc\" data-element_type=\"container\">\n\t\t\t\t<div class=\"elementor-element elementor-element-33915f0 elementor-widget elementor-widget-heading\" data-id=\"33915f0\" data-element_type=\"widget\" data-widget_type=\"heading.default\">\n\t\t\t\t<div class=\"elementor-widget-container\">\n\t\t\t\t\t<div class=\"elementor-heading-title elementor-size-default\">\u043d\u0430\u043f\u0438\u0441\u0430\u0442\u044c \u043d\u0430\u043c<\/div>\t\t\t\t<\/div>\n\t\t\t\t<\/div>\n\t\t\t\t<div class=\"elementor-element elementor-element-83bc263 elementor-widget elementor-widget-heading\" data-id=\"83bc263\" data-element_type=\"widget\" data-widget_type=\"heading.default\">\n\t\t\t\t<div class=\"elementor-widget-container\">\n\t\t\t\t\t<div class=\"elementor-heading-title elementor-size-default\"><a href=\"mailto:info@supergum.eu\" target=\"_blank\">info@supergum.eu<\/a><\/div>\t\t\t\t<\/div>\n\t\t\t\t<\/div>\n\t\t\t\t<\/div>\n\t\t\t\t<\/div>\n\t\t<div class=\"elementor-element elementor-element-cbfe86e e-con-full animated-fast e-flex elementor-invisible e-con e-child\" data-id=\"cbfe86e\" data-element_type=\"container\" data-settings=\"{&quot;animation&quot;:&quot;slideInUp&quot;,&quot;animation_delay&quot;:250}\">\n\t\t\t\t<div class=\"elementor-element elementor-element-fc64f76 elementor-view-default elementor-widget elementor-widget-icon\" data-id=\"fc64f76\" data-element_type=\"widget\" data-widget_type=\"icon.default\">\n\t\t\t\t<div class=\"elementor-widget-container\">\n\t\t\t\t\t\t\t<div class=\"elementor-icon-wrapper\">\n\t\t\t<div class=\"elementor-icon\">\n\t\t\t<i aria-hidden=\"true\" class=\"vamtamtheme- vamtam-theme-clock\"><\/i>\t\t\t<\/div>\n\t\t<\/div>\n\t\t\t\t\t\t<\/div>\n\t\t\t\t<\/div>\n\t\t<div class=\"elementor-element elementor-element-e8fb07b e-con-full e-flex e-con e-child\" data-id=\"e8fb07b\" data-element_type=\"container\">\n\t\t\t\t<div class=\"elementor-element elementor-element-427e5ea elementor-widget elementor-widget-heading\" data-id=\"427e5ea\" data-element_type=\"widget\" data-widget_type=\"heading.default\">\n\t\t\t\t<div class=\"elementor-widget-container\">\n\t\t\t\t\t<div class=\"elementor-heading-title elementor-size-default\">\u0420\u0430\u0431\u043e\u0447\u0438\u0435 \u0447\u0430\u0441\u044b<\/div>\t\t\t\t<\/div>\n\t\t\t\t<\/div>\n\t\t\t\t<div class=\"elementor-element elementor-element-a6ba5e1 elementor-widget elementor-widget-heading\" data-id=\"a6ba5e1\" data-element_type=\"widget\" data-widget_type=\"heading.default\">\n\t\t\t\t<div class=\"elementor-widget-container\">\n\t\t\t\t\t<div class=\"elementor-heading-title elementor-size-default\">\u041f\u043d-\u0421\u0431: 8:00 - 18:00<\/div>\t\t\t\t<\/div>\n\t\t\t\t<\/div>\n\t\t\t\t<\/div>\n\t\t\t\t<\/div>\n\t\t\t\t\t<\/div>\n\t\t\t\t<\/div>\n\t\t<div class=\"elementor-element elementor-element-fd14d6a e-flex e-con-boxed e-con e-parent\" data-id=\"fd14d6a\" data-element_type=\"container\">\n\t\t\t\t\t<div class=\"e-con-inner\">\n\t\t<div class=\"elementor-element elementor-element-a77bd74 e-con-full e-flex e-con e-child\" data-id=\"a77bd74\" data-element_type=\"container\" data-settings=\"{&quot;background_background&quot;:&quot;classic&quot;}\">\n\t\t\t\t<div class=\"elementor-element elementor-element-0778dcb elementor-absolute animated-fast elementor-view-default elementor-invisible elementor-widget elementor-widget-icon\" data-id=\"0778dcb\" data-element_type=\"widget\" data-settings=\"{&quot;_position&quot;:&quot;absolute&quot;,&quot;_animation&quot;:&quot;zoomIn&quot;}\" data-widget_type=\"icon.default\">\n\t\t\t\t<div class=\"elementor-widget-container\">\n\t\t\t\t\t\t\t<div class=\"elementor-icon-wrapper\">\n\t\t\t<div class=\"elementor-icon\">\n\t\t\t<i aria-hidden=\"true\" class=\"vamtamtheme- vamtam-theme-border-flower-right\"><\/i>\t\t\t<\/div>\n\t\t<\/div>\n\t\t\t\t\t\t<\/div>\n\t\t\t\t<\/div>\n\t\t\t\t<div class=\"elementor-element elementor-element-0f00a95 elementor-invisible elementor-widget elementor-widget-heading\" data-id=\"0f00a95\" data-element_type=\"widget\" data-settings=\"{&quot;_animation&quot;:&quot;fadeIn&quot;}\" data-widget_type=\"heading.default\">\n\t\t\t\t<div class=\"elementor-widget-container\">\n\t\t\t\t\t<h6 class=\"elementor-heading-title elementor-size-default\">SUPERGUM<\/h6>\t\t\t\t<\/div>\n\t\t\t\t<\/div>\n\t\t\t\t<div class=\"elementor-element elementor-element-7b9710e elementor-widget__width-initial elementor-widget elementor-widget-heading\" data-id=\"7b9710e\" data-element_type=\"widget\" data-widget_type=\"heading.default\">\n\t\t\t\t<div class=\"elementor-widget-container\">\n\t\t\t\t\t<h3 class=\"elementor-heading-title elementor-size-default\">\u041a\u043e\u043d\u0442\u0430\u043a\u0442\u043d\u0430\u044f \u0444\u043e\u0440\u043c\u0430<\/h3>\t\t\t\t<\/div>\n\t\t\t\t<\/div>\n\t\t\t\t<div class=\"vamtam-has-theme-widget-styles elementor-element elementor-element-dfce895 elementor-button-align-start vamtam-has-btn-hover-anim elementor-widget elementor-widget-form\" data-id=\"dfce895\" data-element_type=\"widget\" data-settings=\"{&quot;step_next_label&quot;:&quot;Next&quot;,&quot;step_previous_label&quot;:&quot;Previous&quot;,&quot;button_width&quot;:&quot;100&quot;,&quot;step_type&quot;:&quot;number_text&quot;,&quot;step_icon_shape&quot;:&quot;circle&quot;}\" data-widget_type=\"form.default\">\n\t\t\t\t<div class=\"elementor-widget-container\">\n\t\t\t\t\t\t\t<form class=\"elementor-form\" method=\"post\" name=\"Contact Form\" aria-label=\"\u041a\u043e\u043d\u0442\u0430\u043a\u0442\u043d\u0430\u044f \u0444\u043e\u0440\u043c\u0430\" action=\"\">\n\t\t\t<input type=\"hidden\" name=\"post_id\" value=\"46\"\/>\n\t\t\t<input type=\"hidden\" name=\"form_id\" value=\"dfce895\"\/>\n\t\t\t<input type=\"hidden\" name=\"referer_title\" value=\"\" \/>\n\n\t\t\t\n\t\t\t<div class=\"elementor-form-fields-wrapper elementor-labels-above\">\n\t\t\t\t\t\t\t\t<div class=\"elementor-field-type-text elementor-field-group elementor-column elementor-field-group-contact_form_name elementor-col-50 elementor-field-required\">\n\t\t\t\t\t\t\t\t\t\t\t\t<label for=\"form-field-contact_form_name\" class=\"elementor-field-label\">\n\t\t\t\t\t\t\t\t\u0412\u0430\u0448\u0435 \u0438\u043c\u044f\t\t\t\t\t\t\t<\/label>\n\t\t\t\t\t\t\t\t\t\t\t\t\t\t<input size=\"1\" type=\"text\" name=\"form_fields[contact_form_name]\" id=\"form-field-contact_form_name\" class=\"elementor-field elementor-size-sm  elementor-field-textual\" placeholder=\"\u041d\u0430\u043f\u0440\u0438\u043c\u0435\u0440, \u0414\u0436\u043e\u043d \u0421\u043c\u0438\u0442\" required=\"required\">\n\t\t\t\t\t\t\t\t\t\t\t<\/div>\n\t\t\t\t\t\t\t\t<div class=\"elementor-field-type-email elementor-field-group elementor-column elementor-field-group-contact_form_email elementor-col-50 elementor-field-required\">\n\t\t\t\t\t\t\t\t\t\t\t\t<label for=\"form-field-contact_form_email\" class=\"elementor-field-label\">\n\t\t\t\t\t\t\t\t\u0410\u0434\u0440\u0435\u0441 \u044d\u043b\u0435\u043a\u0442\u0440\u043e\u043d\u043d\u043e\u0439 \u043f\u043e\u0447\u0442\u044b\t\t\t\t\t\t\t<\/label>\n\t\t\t\t\t\t\t\t\t\t\t\t\t\t<input size=\"1\" type=\"email\" name=\"form_fields[contact_form_email]\" id=\"form-field-contact_form_email\" class=\"elementor-field elementor-size-sm  elementor-field-textual\" placeholder=\"\u043d\u0430\u043f\u0440\u0438\u043c\u0435\u0440, john@youremail.coom\" required=\"required\">\n\t\t\t\t\t\t\t\t\t\t\t<\/div>\n\t\t\t\t\t\t\t\t<div class=\"elementor-field-type-tel elementor-field-group elementor-column elementor-field-group-contact_form_phone_number elementor-col-50\">\n\t\t\t\t\t\t\t\t\t\t\t\t<label for=\"form-field-contact_form_phone_number\" class=\"elementor-field-label\">\n\t\t\t\t\t\t\t\t\u041d\u043e\u043c\u0435\u0440 \u0442\u0435\u043b\u0435\u0444\u043e\u043d\u0430\t\t\t\t\t\t\t<\/label>\n\t\t\t\t\t\t\t\t<input size=\"1\" type=\"tel\" name=\"form_fields[contact_form_phone_number]\" id=\"form-field-contact_form_phone_number\" class=\"elementor-field elementor-size-sm  elementor-field-textual\" placeholder=\"\u043d\u0430\u043f\u0440\u0438\u043c\u0435\u0440, +1 230 440 550\" pattern=\"[0-9()#&amp;+*-=.]+\" title=\"\u041f\u0440\u0438\u043d\u0438\u043c\u0430\u044e\u0442\u0441\u044f \u0442\u043e\u043b\u044c\u043a\u043e \u0446\u0438\u0444\u0440\u044b \u0438 \u0442\u0435\u043b\u0435\u0444\u043e\u043d\u043d\u044b\u0435 \u0441\u0438\u043c\u0432\u043e\u043b\u044b (#, -, * \u0438 \u0442. \u0434.).\">\n\n\t\t\t\t\t\t<\/div>\n\t\t\t\t\t\t\t\t<div class=\"elementor-field-type-text elementor-field-group elementor-column elementor-field-group-contact_form_cityform elementor-col-50\">\n\t\t\t\t\t\t\t\t\t\t\t\t<label for=\"form-field-contact_form_cityform\" class=\"elementor-field-label\">\n\t\t\t\t\t\t\t\t\u0413\u043e\u0440\u043e\u0434\t\t\t\t\t\t\t<\/label>\n\t\t\t\t\t\t\t\t\t\t\t\t\t\t<input size=\"1\" type=\"text\" name=\"form_fields[contact_form_cityform]\" id=\"form-field-contact_form_cityform\" class=\"elementor-field elementor-size-sm  elementor-field-textual\" placeholder=\"\u041d\u0430\u043f\u0440\u0438\u043c\u0435\u0440, \u041d\u044c\u044e-\u0419\u043e\u0440\u043a\">\n\t\t\t\t\t\t\t\t\t\t\t<\/div>\n\t\t\t\t\t\t\t\t<div class=\"elementor-field-type-textarea elementor-field-group elementor-column elementor-field-group-contact_form_message elementor-col-100\">\n\t\t\t\t\t\t\t\t\t\t\t\t<label for=\"form-field-contact_form_message\" class=\"elementor-field-label\">\n\t\t\t\t\t\t\t\t\u0421\u043e\u043e\u0431\u0449\u0435\u043d\u0438\u0435\t\t\t\t\t\t\t<\/label>\n\t\t\t\t\t\t<textarea class=\"elementor-field-textual elementor-field  elementor-size-sm\" name=\"form_fields[contact_form_message]\" id=\"form-field-contact_form_message\" rows=\"4\" placeholder=\"\u0412\u0430\u0448\u0435 \u0441\u043e\u043e\u0431\u0449\u0435\u043d\u0438\u0435 \u0437\u0434\u0435\u0441\u044c\"><\/textarea>\t\t\t\t<\/div>\n\t\t\t\t\t\t\t\t<div class=\"elementor-field-group elementor-column elementor-field-type-submit elementor-col-100 e-form__buttons\">\n\t\t\t\t\t<button class=\"elementor-button elementor-size-sm\" type=\"submit\">\n\t\t\t\t\t\t<span class=\"elementor-button-content-wrapper\">\n\t\t\t\t\t\t\t\t\t\t\t\t\t\t\t\t\t\t\t\t\t\t<span class=\"elementor-button-text\">\u041e\u0442\u043f\u0440\u0430\u0432\u0438\u0442\u044c<\/span>\n\t\t\t\t\t\t\t\t\t\t\t\t\t<\/span>\n\t\t\t\t\t<\/button>\n\t\t\t\t<\/div>\n\t\t\t<\/div>\n\t\t<input type=\"hidden\" name=\"trp-form-language\" value=\"ru\"\/><\/form>\n\t\t\t\t\t\t<\/div>\n\t\t\t\t<\/div>\n\t\t\t\t<\/div>\n\t\t<div class=\"elementor-element elementor-element-687b1b9 e-con-full e-flex e-con e-child\" data-id=\"687b1b9\" data-element_type=\"container\" data-settings=\"{&quot;background_background&quot;:&quot;classic&quot;}\">\n\t\t<div class=\"elementor-element elementor-element-0cb1f37 e-con-full e-flex e-con e-child\" data-id=\"0cb1f37\" data-element_type=\"container\">\n\t\t<a class=\"elementor-element elementor-element-332ceca e-con-full e-flex e-con e-child\" data-id=\"332ceca\" data-element_type=\"container\" href=\"tel:322820820\">\n\t\t\t\t<div class=\"elementor-element elementor-element-a6a1173 elementor-widget__width-initial animated-fast elementor-invisible elementor-widget elementor-widget-spacer\" data-id=\"a6a1173\" data-element_type=\"widget\" data-settings=\"{&quot;_animation&quot;:&quot;rotateIn&quot;}\" data-widget_type=\"spacer.default\">\n\t\t\t\t<div class=\"elementor-widget-container\">\n\t\t\t\t\t\t\t<div class=\"elementor-spacer\">\n\t\t\t<div class=\"elementor-spacer-inner\"><\/div>\n\t\t<\/div>\n\t\t\t\t\t\t<\/div>\n\t\t\t\t<\/div>\n\t\t\t\t<div class=\"elementor-element elementor-element-80446e2 elementor-absolute elementor-view-default elementor-widget elementor-widget-icon\" data-id=\"80446e2\" data-element_type=\"widget\" data-settings=\"{&quot;_position&quot;:&quot;absolute&quot;}\" data-widget_type=\"icon.default\">\n\t\t\t\t<div class=\"elementor-widget-container\">\n\t\t\t\t\t\t\t<div class=\"elementor-icon-wrapper\">\n\t\t\t<div class=\"elementor-icon\">\n\t\t\t<i aria-hidden=\"true\" class=\"vamtamtheme- vamtam-theme-phone\"><\/i>\t\t\t<\/div>\n\t\t<\/div>\n\t\t\t\t\t\t<\/div>\n\t\t\t\t<\/div>\n\t\t\t\t<\/a>\n\t\t<div class=\"elementor-element elementor-element-b05e7d2 e-con-full blur-background e-flex e-con e-child\" data-id=\"b05e7d2\" data-element_type=\"container\" data-settings=\"{&quot;background_background&quot;:&quot;classic&quot;}\">\n\t\t\t\t<div class=\"elementor-element elementor-element-9072454 elementor-widget elementor-widget-heading\" data-id=\"9072454\" data-element_type=\"widget\" data-widget_type=\"heading.default\">\n\t\t\t\t<div class=\"elementor-widget-container\">\n\t\t\t\t\t<div class=\"elementor-heading-title elementor-size-default\">\u041f\u043e\u0437\u0432\u043e\u043d\u0438\u0442\u0435 \u043d\u0430\u043c:<\/div>\t\t\t\t<\/div>\n\t\t\t\t<\/div>\n\t\t\t\t<div class=\"vamtam-has-theme-widget-styles elementor-element elementor-element-2eb8ee1 vamtam-has-hover-anim elementor-widget elementor-widget-button\" data-id=\"2eb8ee1\" data-element_type=\"widget\" data-widget_type=\"button.default\">\n\t\t\t\t<div class=\"elementor-widget-container\">\n\t\t\t\t\t\t\t\t\t<div class=\"elementor-button-wrapper\">\n\t\t\t\t\t<a class=\"elementor-button elementor-button-link elementor-size-sm\" href=\"tel:00902165945558\" target=\"_blank\">\n\t\t\t\t\t\t<span class=\"elementor-button-content-wrapper\">\n\t\t\t\t\t\t\t\t\t<span class=\"elementor-button-text\">+90 216 594 55 58<\/span>\n\t\t\t\t\t<\/span>\n\t\t\t\t\t<\/a>\n\t\t\t\t<\/div>\n\t\t\t\t\t\t\t\t<\/div>\n\t\t\t\t<\/div>\n\t\t\t\t<\/div>\n\t\t\t\t<\/div>\n\t\t\t\t<\/div>\n\t\t\t\t\t<\/div>\n\t\t\t\t<\/div>\n\t\t<div class=\"elementor-element elementor-element-2d06ae1 e-flex e-con-boxed e-con e-parent\" data-id=\"2d06ae1\" data-element_type=\"container\">\n\t\t\t\t\t<div class=\"e-con-inner\">\n\t\t\t\t<div class=\"elementor-element elementor-element-e1457ce elementor-hidden-tablet elementor-hidden-mobile elementor-widget elementor-widget-spacer\" data-id=\"e1457ce\" data-element_type=\"widget\" data-widget_type=\"spacer.default\">\n\t\t\t\t<div class=\"elementor-widget-container\">\n\t\t\t\t\t\t\t<div class=\"elementor-spacer\">\n\t\t\t<div class=\"elementor-spacer-inner\"><\/div>\n\t\t<\/div>\n\t\t\t\t\t\t<\/div>\n\t\t\t\t<\/div>\n\t\t\t\t<div class=\"elementor-element elementor-element-003a17f elementor-widget elementor-widget-google_maps\" data-id=\"003a17f\" data-element_type=\"widget\" data-widget_type=\"google_maps.default\">\n\t\t\t\t<div class=\"elementor-widget-container\">\n\t\t\t\t\t\t\t<div class=\"elementor-custom-embed\">\n\t\t\t<iframe loading=\"lazy\"\n\t\t\t\t\tsrc=\"https:\/\/maps.google.com\/maps?q=%C5%9Eenol%20G%C3%BCne%C5%9F%20Bulvar%C4%B1%20No%3A2%20Mira%20Tower%2C%20Ata%C5%9Fehir%20%2F%20%C4%B0stanbul&#038;t=m&#038;z=16&#038;output=embed&#038;iwloc=near\"\n\t\t\t\t\ttitle=\"\u015eenol G\u00fcne\u015f Bulvar\u0131 No:2 Mira Tower, \u0410\u0442\u0430\u0448\u0435\u0445\u0438\u0440 \/ \u0421\u0442\u0430\u043c\u0431\u0443\u043b\"\n\t\t\t\t\taria-label=\"\u015eenol G\u00fcne\u015f Bulvar\u0131 No:2 Mira Tower, \u0410\u0442\u0430\u0448\u0435\u0445\u0438\u0440 \/ \u0421\u0442\u0430\u043c\u0431\u0443\u043b\"\n\t\t\t><\/iframe>\n\t\t<\/div>\n\t\t\t\t\t\t<\/div>\n\t\t\t\t<\/div>\n\t\t<div class=\"elementor-element elementor-element-330ce97 e-con-full e-flex e-con e-child\" data-id=\"330ce97\" data-element_type=\"container\">\n\t\t\t\t<div class=\"elementor-element elementor-element-bd7d11b elementor-widget-mobile__width-initial animated-fast elementor-invisible elementor-widget elementor-widget-image\" data-id=\"bd7d11b\" data-element_type=\"widget\" data-settings=\"{&quot;_animation&quot;:&quot;slideInUp&quot;}\" data-widget_type=\"image.default\">\n\t\t\t\t<div class=\"elementor-widget-container\">\n\t\t\t\t\t\t\t\t\t\t\t\t\t\t\t<img decoding=\"async\" width=\"1\" height=\"1\" src=\"https:\/\/supergum.eu\/wp-content\/uploads\/2025\/08\/bio-garden.svg\" class=\"attachment-medium_large size-medium_large wp-image-4720\" alt=\"\" \/>\t\t\t\t\t\t\t\t\t\t\t\t\t\t\t<\/div>\n\t\t\t\t<\/div>\n\t\t\t\t<div class=\"elementor-element elementor-element-7cfe9fe elementor-widget-mobile__width-initial animated-fast elementor-invisible elementor-widget elementor-widget-image\" data-id=\"7cfe9fe\" data-element_type=\"widget\" data-settings=\"{&quot;_animation&quot;:&quot;slideInUp&quot;,&quot;_animation_delay&quot;:50}\" data-widget_type=\"image.default\">\n\t\t\t\t<div class=\"elementor-widget-container\">\n\t\t\t\t\t\t\t\t\t\t\t\t\t\t\t<img decoding=\"async\" width=\"1\" height=\"1\" src=\"https:\/\/supergum.eu\/wp-content\/uploads\/2025\/08\/expo.svg\" class=\"attachment-medium_large size-medium_large wp-image-4721\" alt=\"\" \/>\t\t\t\t\t\t\t\t\t\t\t\t\t\t\t<\/div>\n\t\t\t\t<\/div>\n\t\t\t\t<div class=\"elementor-element elementor-element-0e63f39 elementor-widget-mobile__width-initial animated-fast elementor-invisible elementor-widget elementor-widget-image\" data-id=\"0e63f39\" data-element_type=\"widget\" data-settings=\"{&quot;_animation&quot;:&quot;slideInUp&quot;,&quot;_animation_delay&quot;:100}\" data-widget_type=\"image.default\">\n\t\t\t\t<div class=\"elementor-widget-container\">\n\t\t\t\t\t\t\t\t\t\t\t\t\t\t\t<img decoding=\"async\" width=\"1\" height=\"1\" src=\"https:\/\/supergum.eu\/wp-content\/uploads\/2025\/08\/flowers.svg\" class=\"attachment-medium_large size-medium_large wp-image-4722\" alt=\"\" \/>\t\t\t\t\t\t\t\t\t\t\t\t\t\t\t<\/div>\n\t\t\t\t<\/div>\n\t\t\t\t<div class=\"elementor-element elementor-element-bddf9b9 elementor-widget-mobile__width-initial animated-fast elementor-invisible elementor-widget elementor-widget-image\" data-id=\"bddf9b9\" data-element_type=\"widget\" data-settings=\"{&quot;_animation&quot;:&quot;slideInUp&quot;,&quot;_animation_delay&quot;:150}\" data-widget_type=\"image.default\">\n\t\t\t\t<div class=\"elementor-widget-container\">\n\t\t\t\t\t\t\t\t\t\t\t\t\t\t\t<img loading=\"lazy\" decoding=\"async\" width=\"1\" height=\"1\" src=\"https:\/\/supergum.eu\/wp-content\/uploads\/2025\/08\/green-house.svg\" class=\"attachment-medium_large size-medium_large wp-image-4723\" alt=\"\" \/>\t\t\t\t\t\t\t\t\t\t\t\t\t\t\t<\/div>\n\t\t\t\t<\/div>\n\t\t\t\t<div class=\"elementor-element elementor-element-28096d3 elementor-widget-mobile__width-initial animated-fast elementor-invisible elementor-widget elementor-widget-image\" data-id=\"28096d3\" data-element_type=\"widget\" data-settings=\"{&quot;_animation&quot;:&quot;slideInUp&quot;,&quot;_animation_delay&quot;:200}\" data-widget_type=\"image.default\">\n\t\t\t\t<div class=\"elementor-widget-container\">\n\t\t\t\t\t\t\t\t\t\t\t\t\t\t\t<img loading=\"lazy\" decoding=\"async\" width=\"1\" height=\"1\" src=\"https:\/\/supergum.eu\/wp-content\/uploads\/2025\/08\/hussk.svg\" class=\"attachment-medium_large size-medium_large wp-image-4724\" alt=\"\" \/>\t\t\t\t\t\t\t\t\t\t\t\t\t\t\t<\/div>\n\t\t\t\t<\/div>\n\t\t\t\t<\/div>\n\t\t\t\t\t<\/div>\n\t\t\t\t<\/div>\n\t\t\t\t<\/div>","protected":false},"excerpt":{"rendered":"<p>Address \u015eenol G\u00fcne\u015f Bulvar\u0131 No:2 Mira Tower, Ata\u015fehir \/ \u0130stanbul Call us +90 216 594 55 58 email us info@supergum.eu Business Hours Mon-Sun: 8:00 a.m. \u2013 6:00 p.m SUPERGUM Contact Form Call us: +90 216 594 55 58<\/p>","protected":false},"author":1,"featured_media":0,"parent":0,"menu_order":0,"comment_status":"closed","ping_status":"closed","template":"","meta":{"footnotes":""},"class_list":["post-46","page","type-page","status-publish","hentry"],"_links":{"self":[{"href":"https:\/\/supergum.eu\/ru\/wp-json\/wp\/v2\/pages\/46","targetHints":{"allow":["GET"]}}],"collection":[{"href":"https:\/\/supergum.eu\/ru\/wp-json\/wp\/v2\/pages"}],"about":[{"href":"https:\/\/supergum.eu\/ru\/wp-json\/wp\/v2\/types\/page"}],"author":[{"embeddable":true,"href":"https:\/\/supergum.eu\/ru\/wp-json\/wp\/v2\/users\/1"}],"replies":[{"embeddable":true,"href":"https:\/\/supergum.eu\/ru\/wp-json\/wp\/v2\/comments?post=46"}],"version-history":[{"count":22,"href":"https:\/\/supergum.eu\/ru\/wp-json\/wp\/v2\/pages\/46\/revisions"}],"predecessor-version":[{"id":988287,"href":"https:\/\/supergum.eu\/ru\/wp-json\/wp\/v2\/pages\/46\/revisions\/988287"}],"wp:attachment":[{"href":"https:\/\/supergum.eu\/ru\/wp-json\/wp\/v2\/media?parent=46"}],"curies":[{"name":"wp","href":"https:\/\/api.w.org\/{rel}","templated":true}]}}